{"id":294,"date":"2020-10-06T00:39:47","date_gmt":"2020-10-06T00:39:47","guid":{"rendered":"https:\/\/salvadormolina.com\/israeltierrasanta\/?post_type=product&#038;p=294"},"modified":"2020-10-06T01:45:02","modified_gmt":"2020-10-06T01:45:02","slug":"aceite-para-ungir-kosher-de-israel","status":"publish","type":"product","link":"https:\/\/salvadormolina.com\/israeltierrasanta\/producto\/aceite-para-ungir-kosher-de-israel\/","title":{"rendered":"Aceite Para Ungir Kosher De Israel"},"content":{"rendered":"<p><strong>Este es un aceite de oliva extra virgen puro de Tierra Santa.<\/strong><br \/>\n\u2022 3 Botellas de 1 onza.<br \/>\n\u2022 Aceite de unci\u00f3n Kosher sin perfume.<br \/>\n\u2022 De alta pureza es perfecto para uso en la iglesia.<\/p>\n<p>Una hermosa y peque\u00f1a botella de vidrio que contiene una onza de Aceite de Oliva extra Virgen Kosher de Tierra Santa.\u00a0Este puede ser un gran recuerdo de la Tierra que fluye Leche y Miel.\u00a0Importado 100% de Israel, es un aceite virgen de unci\u00f3n Kosher sin perfume de alta calidad que puede ser usado especialmente para ungir a los enfermos.<\/p>\n<p>Santiago 5.14 dice:<sup class=\"versenum\">\u00a0<\/sup>\u00bfEst\u00e1 alguno enfermo entre vosotros? Llame a los ancianos de la iglesia, y oren por \u00e9l, ungi\u00e9ndole con aceite\u00a0en el nombre del Se\u00f1or.<\/p>\n<p>Si bien es posible que no pueda viajar a Tierra Santa hoy para obtener este aceite Kosher, estamos encantados de poder traerlo a usted a trav\u00e9s de nuestro Ministerio.<\/p>\n","protected":false},"excerpt":{"rendered":"<p><strong>Este es un aceite de oliva extra virgen puro de Tierra Santa.<\/strong><br \/>\n\u2022 3 Botellas de 1 onza.<br \/>\n\u2022 Aceite de unci\u00f3n Kosher sin perfume.<br \/>\n\u2022 De alta pureza es perfecto para uso en la iglesia.<\/p>\n<p>Una hermosa y peque\u00f1a botella de vidrio que contiene una onza de Aceite de Oliva extra Virgen Kosher de Tierra Santa.\u00a0Este puede ser un gran recuerdo de la Tierra que fluye Leche y Miel.\u00a0Importado 100% de Israel, es un aceite virgen de unci\u00f3n Kosher sin perfume de alta calidad que puede ser usado especialmente para ungir a los enfermos.<\/p>\n","protected":false},"featured_media":292,"comment_status":"open","ping_status":"closed","template":"","meta":[],"class_list":["post-294","product","type-product","status-publish","has-post-thumbnail","hentry","product_cat-importado"],"_links":{"self":[{"href":"https:\/\/salvadormolina.com\/israeltierrasanta\/wp-json\/wp\/v2\/product\/294","targetHints":{"allow":["GET"]}}],"collection":[{"href":"https:\/\/salvadormolina.com\/israeltierrasanta\/wp-json\/wp\/v2\/product"}],"about":[{"href":"https:\/\/salvadormolina.com\/israeltierrasanta\/wp-json\/wp\/v2\/types\/product"}],"replies":[{"embeddable":true,"href":"https:\/\/salvadormolina.com\/israeltierrasanta\/wp-json\/wp\/v2\/comments?post=294"}],"wp:featuredmedia":[{"embeddable":true,"href":"https:\/\/salvadormolina.com\/israeltierrasanta\/wp-json\/wp\/v2\/media\/292"}],"wp:attachment":[{"href":"https:\/\/salvadormolina.com\/israeltierrasanta\/wp-json\/wp\/v2\/media?parent=294"}],"curies":[{"name":"wp","href":"https:\/\/api.w.org\/{rel}","templated":true}]}}